{"id":1239,"date":"2023-02-28T20:16:14","date_gmt":"2023-02-28T20:16:14","guid":{"rendered":"http:\/\/localhost\/websitetechnology\/?page_id=1239"},"modified":"2023-02-28T20:22:22","modified_gmt":"2023-02-28T20:22:22","slug":"opsti-uslovi-i-uredbe","status":"publish","type":"page","link":"https:\/\/www.websitetechnology.rs\/en\/opsti-uslovi-i-uredbe\/","title":{"rendered":"Op\u0161ti Uslovi i Uredbe"},"content":{"rendered":"<p>Odredbe i uslovi (\u201eUslovi\u201c)<\/p>\n\n\n\n<p>Poslednje a\u017euriranje: (dodati datum)Pa\u017eljivo pro\u010ditajte ove Uslove i odredbe (\u201eUslovi\u201c, \u201eUslovi i odredbe\u201c) pre nego \u0161to koristite veb lokaciju http:\/\/vvv.mivebsite.com (promeni ovo) i mobilnu aplikaciju Moja mobilna aplikacija (promeni ovo) (\u201eUsluga &#8222;) kojim upravlja Moja kompanija (promeni ovo) (&#8222;nas&#8220;, &#8222;mi&#8220; ili &#8222;na\u0161&#8220;).Va\u0161 pristup i kori\u0161\u0107enje usluge uslovljeni su va\u0161im prihvatanjem i po\u0161tovanjem ovih Uslova. Ovi Uslovi se primenjuju na sve posetioce, korisnike i druge koji pristupaju ili koriste Uslugu.<\/p>\n\n\n\n<p>Pristupanjem ili kori\u0161\u0107enjem usluge prihvatate da budete obavezani ovim Uslovima. Ako se ne sla\u017eete sa bilo kojim delom uslova, mo\u017eda ne\u0107ete pristupiti Usluzi.<\/p>\n\n\n\n<p>Veze ka drugim veb lokacijama<\/p>\n\n\n\n<p>Na\u0161a usluga mo\u017ee da sadr\u017ei veze ka veb lokacijama ili uslugama tre\u0107ih strana koje nisu u vlasni\u0161tvu ili pod kontrolom Moje kompanije (promenite ovo).<\/p>\n\n\n\n<p>Moja kompanija (promeni ovo) nema kontrolu i ne preuzima nikakvu odgovornost za sadr\u017eaj, politiku privatnosti ili praksu bilo kojih veb lokacija ili usluga tre\u0107ih strana. Dalje potvr\u0111ujete i saglasni ste da Moja kompanija (promeni ovo) ne\u0107e biti odgovorna ili odgovorna, direktno ili indirektno, za bilo kakvu \u0161tetu ili gubitak prouzrokovan ili navodno izazvan kori\u0161\u0107enjem ili oslanjanjem na bilo koji takav sadr\u017eaj, robu ili usluge dostupne na ili preko bilo koje takve veb stranice ili usluge.<\/p>\n\n\n\n<p>Prekid<\/p>\n\n\n\n<p>Mo\u017eemo da prekinemo ili suspendujemo pristup na\u0161oj Usluzi odmah, bez prethodnog obave\u0161tenja ili odgovornosti, iz bilo kog razloga, uklju\u010duju\u0107i bez ograni\u010denja ako prekr\u0161ite Uslove.<\/p>\n\n\n\n<p>Sve odredbe Uslova koje po svojoj prirodi treba da opstanu i nakon raskida, uklju\u010duju\u0107i, bez ograni\u010denja, odredbe o vlasni\u0161tvu, odricanje od garancije, obe\u0161te\u0107enje i ograni\u010denja odgovornosti.<\/p>\n\n\n\n<p>Promene<\/p>\n\n\n\n<p>Zadr\u017eavamo pravo, po sopstvenom naho\u0111enju, da izmenimo ili zamenimo ove Uslove u bilo kom trenutku. Ako je revizija materijalna, poku\u0161a\u0107emo da obezbedimo najmanje 30 (promeni ovo) obave\u0161tenje pre stupanja na snagu novih uslova. \u0160ta predstavlja materijalnu promenu odredi\u0107emo po sopstvenom naho\u0111enju.<\/p>\n\n\n\n<p>Contact us<\/p>\n\n\n\n<p>Ako imate bilo kakvih pitanja u vezi sa ovim Uslovima, kontaktirajte nas.<\/p>","protected":false},"excerpt":{"rendered":"<p>Odredbe i uslovi (\u201eUslovi\u201c) Poslednje a\u017euriranje: (dodati datum)Pa\u017eljivo pro\u010ditajte ove Uslove i odredbe (\u201eUslovi\u201c, \u201eUslovi i odredbe\u201c) pre nego \u0161to koristite veb lokaciju http:\/\/vvv.mivebsite.com (promeni ovo) i mobilnu aplikaciju Moja mobilna aplikacija (promeni ovo) (\u201eUsluga &#8222;) kojim upravlja Moja kompanija (promeni ovo) (&#8222;nas&#8220;, &#8222;mi&#8220; ili &#8222;na\u0161&#8220;).Va\u0161 pristup i kori\u0161\u0107enje usluge uslovljeni su va\u0161im prihvatanjem i [&hellip;]<\/p>","protected":false},"author":1,"featured_media":0,"parent":0,"menu_order":0,"comment_status":"closed","ping_status":"closed","template":"","meta":{"_monsterinsights_skip_tracking":false,"_monsterinsights_sitenote_active":false,"_monsterinsights_sitenote_note":"","_monsterinsights_sitenote_category":0,"_uf_show_specific_survey":0,"_uf_disable_surveys":false,"ocean_post_layout":"full-width","ocean_both_sidebars_style":"","ocean_both_sidebars_content_width":0,"ocean_both_sidebars_sidebars_width":0,"ocean_sidebar":"0","ocean_second_sidebar":"0","ocean_disable_margins":"enable","ocean_add_body_class":"","ocean_shortcode_before_top_bar":"","ocean_shortcode_after_top_bar":"","ocean_shortcode_before_header":"","ocean_shortcode_after_header":"","ocean_has_shortcode":"","ocean_shortcode_after_title":"","ocean_shortcode_before_footer_widgets":"","ocean_shortcode_after_footer_widgets":"","ocean_shortcode_before_footer_bottom":"","ocean_shortcode_after_footer_bottom":"","ocean_display_top_bar":"default","ocean_display_header":"default","ocean_header_style":"","ocean_center_header_left_menu":"0","ocean_custom_header_template":"0","ocean_custom_logo":0,"ocean_custom_retina_logo":0,"ocean_custom_logo_max_width":0,"ocean_custom_logo_tablet_max_width":0,"ocean_custom_logo_mobile_max_width":0,"ocean_custom_logo_max_height":0,"ocean_custom_logo_tablet_max_height":0,"ocean_custom_logo_mobile_max_height":0,"ocean_header_custom_menu":"0","ocean_menu_typo_font_family":"0","ocean_menu_typo_font_subset":"","ocean_menu_typo_font_size":0,"ocean_menu_typo_font_size_tablet":0,"ocean_menu_typo_font_size_mobile":0,"ocean_menu_typo_font_size_unit":"px","ocean_menu_typo_font_weight":"","ocean_menu_typo_font_weight_tablet":"","ocean_menu_typo_font_weight_mobile":"","ocean_menu_typo_transform":"","ocean_menu_typo_transform_tablet":"","ocean_menu_typo_transform_mobile":"","ocean_menu_typo_line_height":0,"ocean_menu_typo_line_height_tablet":0,"ocean_menu_typo_line_height_mobile":0,"ocean_menu_typo_line_height_unit":"","ocean_menu_typo_spacing":0,"ocean_menu_typo_spacing_tablet":0,"ocean_menu_typo_spacing_mobile":0,"ocean_menu_typo_spacing_unit":"","ocean_menu_link_color":"","ocean_menu_link_color_hover":"","ocean_menu_link_color_active":"","ocean_menu_link_background":"","ocean_menu_link_hover_background":"","ocean_menu_link_active_background":"","ocean_menu_social_links_bg":"","ocean_menu_social_hover_links_bg":"","ocean_menu_social_links_color":"","ocean_menu_social_hover_links_color":"","ocean_disable_title":"default","ocean_disable_heading":"default","ocean_post_title":"","ocean_post_subheading":"","ocean_post_title_style":"","ocean_post_title_background_color":"","ocean_post_title_background":0,"ocean_post_title_bg_image_position":"","ocean_post_title_bg_image_attachment":"","ocean_post_title_bg_image_repeat":"","ocean_post_title_bg_image_size":"","ocean_post_title_height":0,"ocean_post_title_bg_overlay":0.5,"ocean_post_title_bg_overlay_color":"","ocean_disable_breadcrumbs":"default","ocean_breadcrumbs_color":"","ocean_breadcrumbs_separator_color":"","ocean_breadcrumbs_links_color":"","ocean_breadcrumbs_links_hover_color":"","ocean_display_footer_widgets":"default","ocean_display_footer_bottom":"default","ocean_custom_footer_template":"0","footnotes":""},"class_list":["post-1239","page","type-page","status-publish","hentry","entry"],"yoast_head":"<!-- This site is optimized with the Yoast SEO plugin v26.8 - https:\/\/yoast.com\/product\/yoast-seo-wordpress\/ -->\n<title>Op\u0161ti Uslovi i Uredbe - Websitetechnology<\/title>\n<meta name=\"robots\" content=\"index, follow, max-snippet:-1, max-image-preview:large, max-video-preview:-1\" \/>\n<link rel=\"canonical\" href=\"https:\/\/www.websitetechnology.rs\/en\/opsti-uslovi-i-uredbe\/\" \/>\n<meta property=\"og:locale\" content=\"en_GB\" \/>\n<meta property=\"og:type\" content=\"article\" \/>\n<meta property=\"og:title\" content=\"Op\u0161ti Uslovi i Uredbe - Websitetechnology\" \/>\n<meta property=\"og:description\" content=\"Odredbe i uslovi (\u201eUslovi\u201c) Poslednje a\u017euriranje: (dodati datum)Pa\u017eljivo pro\u010ditajte ove Uslove i odredbe (\u201eUslovi\u201c, \u201eUslovi i odredbe\u201c) pre nego \u0161to koristite veb lokaciju http:\/\/vvv.mivebsite.com (promeni ovo) i mobilnu aplikaciju Moja mobilna aplikacija (promeni ovo) (\u201eUsluga &#8222;) kojim upravlja Moja kompanija (promeni ovo) (&#8222;nas&#8220;, &#8222;mi&#8220; ili &#8222;na\u0161&#8220;).Va\u0161 pristup i kori\u0161\u0107enje usluge uslovljeni su va\u0161im prihvatanjem i [&hellip;]\" \/>\n<meta property=\"og:url\" content=\"https:\/\/www.websitetechnology.rs\/en\/opsti-uslovi-i-uredbe\/\" \/>\n<meta property=\"og:site_name\" content=\"Websitetechnology\" \/>\n<meta property=\"article:modified_time\" content=\"2023-02-28T20:22:22+00:00\" \/>\n<meta name=\"twitter:card\" content=\"summary_large_image\" \/>\n<meta name=\"twitter:label1\" content=\"Estimated reading time\" \/>\n\t<meta name=\"twitter:data1\" content=\"2 minutes\" \/>\n<script type=\"application\/ld+json\" class=\"yoast-schema-graph\">{\"@context\":\"https:\/\/schema.org\",\"@graph\":[{\"@type\":\"WebPage\",\"@id\":\"https:\/\/www.websitetechnology.rs\/opsti-uslovi-i-uredbe\/\",\"url\":\"https:\/\/www.websitetechnology.rs\/opsti-uslovi-i-uredbe\/\",\"name\":\"Op\u0161ti Uslovi i Uredbe - Websitetechnology\",\"isPartOf\":{\"@id\":\"https:\/\/www.websitetechnology.rs\/#website\"},\"datePublished\":\"2023-02-28T20:16:14+00:00\",\"dateModified\":\"2023-02-28T20:22:22+00:00\",\"breadcrumb\":{\"@id\":\"https:\/\/www.websitetechnology.rs\/opsti-uslovi-i-uredbe\/#breadcrumb\"},\"inLanguage\":\"en-GB\",\"potentialAction\":[{\"@type\":\"ReadAction\",\"target\":[\"https:\/\/www.websitetechnology.rs\/opsti-uslovi-i-uredbe\/\"]}]},{\"@type\":\"BreadcrumbList\",\"@id\":\"https:\/\/www.websitetechnology.rs\/opsti-uslovi-i-uredbe\/#breadcrumb\",\"itemListElement\":[{\"@type\":\"ListItem\",\"position\":1,\"name\":\"Home\",\"item\":\"https:\/\/www.websitetechnology.rs\/\"},{\"@type\":\"ListItem\",\"position\":2,\"name\":\"Op\u0161ti Uslovi i Uredbe\"}]},{\"@type\":\"WebSite\",\"@id\":\"https:\/\/www.websitetechnology.rs\/#website\",\"url\":\"https:\/\/www.websitetechnology.rs\/\",\"name\":\"Websitetechnology\",\"description\":\"Izrada web sajta\",\"publisher\":{\"@id\":\"https:\/\/www.websitetechnology.rs\/#organization\"},\"potentialAction\":[{\"@type\":\"SearchAction\",\"target\":{\"@type\":\"EntryPoint\",\"urlTemplate\":\"https:\/\/www.websitetechnology.rs\/?s={search_term_string}\"},\"query-input\":{\"@type\":\"PropertyValueSpecification\",\"valueRequired\":true,\"valueName\":\"search_term_string\"}}],\"inLanguage\":\"en-GB\"},{\"@type\":\"Organization\",\"@id\":\"https:\/\/www.websitetechnology.rs\/#organization\",\"name\":\"websitetechnology\",\"url\":\"https:\/\/www.websitetechnology.rs\/\",\"logo\":{\"@type\":\"ImageObject\",\"inLanguage\":\"en-GB\",\"@id\":\"https:\/\/www.websitetechnology.rs\/#\/schema\/logo\/image\/\",\"url\":\"https:\/\/www.websitetechnology.rs\/wp-content\/uploads\/2023\/02\/Logo-WTC-siri14.png\",\"contentUrl\":\"https:\/\/www.websitetechnology.rs\/wp-content\/uploads\/2023\/02\/Logo-WTC-siri14.png\",\"width\":152,\"height\":40,\"caption\":\"websitetechnology\"},\"image\":{\"@id\":\"https:\/\/www.websitetechnology.rs\/#\/schema\/logo\/image\/\"}}]}<\/script>\n<!-- \/ Yoast SEO plugin. -->","yoast_head_json":{"title":"Op\u0161ti Uslovi i Uredbe - Websitetechnology","robots":{"index":"index","follow":"follow","max-snippet":"max-snippet:-1","max-image-preview":"max-image-preview:large","max-video-preview":"max-video-preview:-1"},"canonical":"https:\/\/www.websitetechnology.rs\/en\/opsti-uslovi-i-uredbe\/","og_locale":"en_GB","og_type":"article","og_title":"Op\u0161ti Uslovi i Uredbe - Websitetechnology","og_description":"Odredbe i uslovi (\u201eUslovi\u201c) Poslednje a\u017euriranje: (dodati datum)Pa\u017eljivo pro\u010ditajte ove Uslove i odredbe (\u201eUslovi\u201c, \u201eUslovi i odredbe\u201c) pre nego \u0161to koristite veb lokaciju http:\/\/vvv.mivebsite.com (promeni ovo) i mobilnu aplikaciju Moja mobilna aplikacija (promeni ovo) (\u201eUsluga &#8222;) kojim upravlja Moja kompanija (promeni ovo) (&#8222;nas&#8220;, &#8222;mi&#8220; ili &#8222;na\u0161&#8220;).Va\u0161 pristup i kori\u0161\u0107enje usluge uslovljeni su va\u0161im prihvatanjem i [&hellip;]","og_url":"https:\/\/www.websitetechnology.rs\/en\/opsti-uslovi-i-uredbe\/","og_site_name":"Websitetechnology","article_modified_time":"2023-02-28T20:22:22+00:00","twitter_card":"summary_large_image","twitter_misc":{"Estimated reading time":"2 minutes"},"schema":{"@context":"https:\/\/schema.org","@graph":[{"@type":"WebPage","@id":"https:\/\/www.websitetechnology.rs\/opsti-uslovi-i-uredbe\/","url":"https:\/\/www.websitetechnology.rs\/opsti-uslovi-i-uredbe\/","name":"Op\u0161ti Uslovi i Uredbe - Websitetechnology","isPartOf":{"@id":"https:\/\/www.websitetechnology.rs\/#website"},"datePublished":"2023-02-28T20:16:14+00:00","dateModified":"2023-02-28T20:22:22+00:00","breadcrumb":{"@id":"https:\/\/www.websitetechnology.rs\/opsti-uslovi-i-uredbe\/#breadcrumb"},"inLanguage":"en-GB","potentialAction":[{"@type":"ReadAction","target":["https:\/\/www.websitetechnology.rs\/opsti-uslovi-i-uredbe\/"]}]},{"@type":"BreadcrumbList","@id":"https:\/\/www.websitetechnology.rs\/opsti-uslovi-i-uredbe\/#breadcrumb","itemListElement":[{"@type":"ListItem","position":1,"name":"Home","item":"https:\/\/www.websitetechnology.rs\/"},{"@type":"ListItem","position":2,"name":"Op\u0161ti Uslovi i Uredbe"}]},{"@type":"WebSite","@id":"https:\/\/www.websitetechnology.rs\/#website","url":"https:\/\/www.websitetechnology.rs\/","name":"Websitetechnology","description":"Creating a website","publisher":{"@id":"https:\/\/www.websitetechnology.rs\/#organization"},"potentialAction":[{"@type":"SearchAction","target":{"@type":"EntryPoint","urlTemplate":"https:\/\/www.websitetechnology.rs\/?s={search_term_string}"},"query-input":{"@type":"PropertyValueSpecification","valueRequired":true,"valueName":"search_term_string"}}],"inLanguage":"en-GB"},{"@type":"Organization","@id":"https:\/\/www.websitetechnology.rs\/#organization","name":"websitetechnology","url":"https:\/\/www.websitetechnology.rs\/","logo":{"@type":"ImageObject","inLanguage":"en-GB","@id":"https:\/\/www.websitetechnology.rs\/#\/schema\/logo\/image\/","url":"https:\/\/www.websitetechnology.rs\/wp-content\/uploads\/2023\/02\/Logo-WTC-siri14.png","contentUrl":"https:\/\/www.websitetechnology.rs\/wp-content\/uploads\/2023\/02\/Logo-WTC-siri14.png","width":152,"height":40,"caption":"websitetechnology"},"image":{"@id":"https:\/\/www.websitetechnology.rs\/#\/schema\/logo\/image\/"}}]}},"_links":{"self":[{"href":"https:\/\/www.websitetechnology.rs\/en\/wp-json\/wp\/v2\/pages\/1239","targetHints":{"allow":["GET"]}}],"collection":[{"href":"https:\/\/www.websitetechnology.rs\/en\/wp-json\/wp\/v2\/pages"}],"about":[{"href":"https:\/\/www.websitetechnology.rs\/en\/wp-json\/wp\/v2\/types\/page"}],"author":[{"embeddable":true,"href":"https:\/\/www.websitetechnology.rs\/en\/wp-json\/wp\/v2\/users\/1"}],"replies":[{"embeddable":true,"href":"https:\/\/www.websitetechnology.rs\/en\/wp-json\/wp\/v2\/comments?post=1239"}],"version-history":[{"count":0,"href":"https:\/\/www.websitetechnology.rs\/en\/wp-json\/wp\/v2\/pages\/1239\/revisions"}],"wp:attachment":[{"href":"https:\/\/www.websitetechnology.rs\/en\/wp-json\/wp\/v2\/media?parent=1239"}],"curies":[{"name":"wp","href":"https:\/\/api.w.org\/{rel}","templated":true}]}}