{"id":17,"date":"2023-02-18T13:21:32","date_gmt":"2023-02-18T13:21:32","guid":{"rendered":"http:\/\/localhost\/websitetechnology\/?page_id=17"},"modified":"2024-08-18T21:35:05","modified_gmt":"2024-08-18T21:35:05","slug":"politika-privatnosti","status":"publish","type":"page","link":"https:\/\/www.websitetechnology.rs\/en\/politika-privatnosti\/","title":{"rendered":"Privacy policy"},"content":{"rendered":"<p>GDPR politika privatnosti za Webtechnology<\/p>\n\n\n\n<p>Poslednje a\u017euriranje: 01. januar 2019<\/p>\n\n\n\n<p>Definicije<\/p>\n\n\n\n<p>&nbsp;&nbsp;&nbsp; Webtechnology<\/p>\n\n\n\n<p>&nbsp;&nbsp;&nbsp; Webtechnology zna\u010di Moja kompanija LLC, informacije i adresa<\/p>\n\n\n\n<p>&nbsp;&nbsp;&nbsp; kompanije .<\/p>\n\n\n\n<p>&nbsp;&nbsp;&nbsp; GDPR<\/p>\n\n\n\n<p>&nbsp;&nbsp;&nbsp; Op\u0161ta uredba o za\u0161titi podataka.<\/p>\n\n\n\n<p>&nbsp;&nbsp;&nbsp; Rukovalac podataka<\/p>\n\n\n\n<p>&nbsp;&nbsp;&nbsp; Rukovalac podataka ozna\u010dava fizi\u010dko ili pravno lice koje (samostalno ili zajedno ili zajedno sa drugim licima) odre\u0111uje svrhe i na\u010din na koji se li\u010dni podaci obra\u0111uju, ili treba da budu obra\u0111eni.<\/p>\n\n\n\n<p>&nbsp;&nbsp;&nbsp; Obra\u0111iva\u010d podataka<\/p>\n\n\n\n<p>&nbsp;&nbsp;&nbsp; Obra\u0111iva\u010d podataka ozna\u010dava svako fizi\u010dko ili pravno lice koje obra\u0111uje podatke u ime Kontrolora podataka.<\/p>\n\n\n\n<p>&nbsp;&nbsp;&nbsp; Subjekt podataka<\/p>\n\n\n\n<p>&nbsp;&nbsp;&nbsp; Subjekt podataka je svaki \u017eivi pojedinac koji koristi na\u0161u uslugu i predmet je li\u010dnih podataka.<\/p>\n\n\n\n<p>1 . Principi obrade li\u010dnih podataka<\/p>\n\n\n\n<p>Na\u0161i principi za obradu li\u010dnih podataka su:<\/p>\n\n\n\n<p>&nbsp;&nbsp;&nbsp; Pravednost i zakonitost. Kada obra\u0111ujemo li\u010dne podatke, individualna prava subjekata podataka moraju biti za\u0161ti\u0107ena. Svi li\u010dni podaci moraju se prikupljati i obra\u0111ivati na zakonit i po\u0161ten na\u010din.<\/p>\n\n\n\n<p>&nbsp;&nbsp;&nbsp; Ograni\u010deno na odre\u0111enu svrhu. Li\u010dni podaci subjekta podataka moraju se obra\u0111ivati samo u posebne svrhe.<\/p>\n\n\n\n<p>&nbsp;&nbsp;&nbsp; Transparentnost . Subjekat podataka mora biti obave\u0161ten o tome kako se njegovi\/njeni podaci prikupljaju, obra\u0111uju i koriste.<\/p>\n\n\n\n<p>2 . Koje li\u010dne podatke prikupljamo i obra\u0111ujemo<\/p>\n\n\n\n<p>Webtechnology prikuplja nekoliko razli\u010ditih tipova li\u010dnih podataka u razli\u010dite svrhe. Li\u010dni podaci mogu uklju\u010divati, ali nisu ograni\u010deni na:<\/p>\n\n\n\n<p>&nbsp;&nbsp;&nbsp; Adresa E-po\u0161te<\/p>\n\n\n\n<p>&nbsp;&nbsp;&nbsp; Name and surname<\/p>\n\n\n\n<p>&nbsp;&nbsp;&nbsp; Broj telefona<\/p>\n\n\n\n<p>&nbsp;&nbsp;&nbsp; Adresa, dr\u017eava, pokrajina, po\u0161tanski broj, grad<\/p>\n\n\n\n<p>3 . Kako koristimo li\u010dne podatke<\/p>\n\n\n\n<p>Webtechnology koristi prikupljene li\u010dne podatke u razli\u010dite svrhe:<\/p>\n\n\n\n<p>&nbsp;&nbsp;&nbsp; Da vam pru\u017eimo usluge<\/p>\n\n\n\n<p>&nbsp;&nbsp;&nbsp; Da vas obavestimo o promenama na\u0161ih usluga i\/ili proizvoda<\/p>\n\n\n\n<p>&nbsp;&nbsp;&nbsp; Za pru\u017eanje korisni\u010dke podr\u0161ke<\/p>\n\n\n\n<p>&nbsp;&nbsp;&nbsp; Da prikupimo analize ili vredne informacije kako bismo mogli da pobolj\u0161amo na\u0161e usluge<\/p>\n\n\n\n<p>&nbsp;&nbsp;&nbsp; Za otkrivanje, spre\u010davanje i re\u0161avanje tehni\u010dkih problema<\/p>\n\n\n\n<p>4 . Pravni osnov za prikupljanje i obradu podataka o li\u010dnosti<\/p>\n\n\n\n<p>Webtechnology za prikupljanje i kori\u0161\u0107enje li\u010dnih podataka opisanih u ovoj Politici za\u0161tite podataka zavisi od li\u010dnih podataka koje prikupljamo i specifi\u010dnog konteksta u kojem prikupljamo informacije:<\/p>\n\n\n\n<p>&nbsp;&nbsp;&nbsp; Webtechnology treba da sklopi ugovor sa vama<\/p>\n\n\n\n<p>&nbsp;&nbsp;&nbsp; Dali ste Webtechnology dozvolu da to uradi<\/p>\n\n\n\n<p>&nbsp;&nbsp;&nbsp; Obrada va\u0161ih li\u010dnih podataka je legitimni interes Webtechnology<\/p>\n\n\n\n<p>&nbsp;&nbsp;&nbsp; Webtechnology treba da bude u skladu sa zakonom<\/p>\n\n\n\n<p>5 . Zadr\u017eavanje li\u010dnih podataka<\/p>\n\n\n\n<p>Webtechnology \u0107e zadr\u017eati va\u0161e li\u010dne podatke samo onoliko dugo koliko je neophodno za svrhe navedene u ovoj Politici za\u0161tite podataka.<\/p>\n\n\n\n<p>Webtechnology \u0107e zadr\u017eati i koristiti va\u0161e informacije u meri u kojoj je to neophodno za po\u0161tovanje na\u0161ih zakonskih obaveza, re\u0161avanje sporova i sprovo\u0111enje na\u0161ih politika.<\/p>\n\n\n\n<p>6 . Prava na za\u0161titu podataka<\/p>\n\n\n\n<p>Ako ste stanovnik Evropskog ekonomskog prostora (EEA), imate odre\u0111ena prava na za\u0161titu podataka. Ako \u017eelite da budete informisani koje li\u010dne podatke o vama posedujemo i ako \u017eelite da ih uklonimo iz na\u0161ih sistema, kontaktirajte nas.<\/p>\n\n\n\n<p>U odre\u0111enim okolnostima, imate slede\u0107a prava na za\u0161titu podataka:<\/p>\n\n\n\n<p>&nbsp;&nbsp;&nbsp; Pravo na pristup, a\u017euriranje ili brisanje informacija koje imamo o vama<\/p>\n\n\n\n<p>&nbsp;&nbsp;&nbsp; Pravo na ispravku<\/p>\n\n\n\n<p>&nbsp;&nbsp;&nbsp; Pravo na prigovor<\/p>\n\n\n\n<p>&nbsp;&nbsp;&nbsp; Pravo ograni\u010denja<\/p>\n\n\n\n<p>&nbsp;&nbsp;&nbsp; Pravo na prenosivost podataka<\/p>\n\n\n\n<p>&nbsp;&nbsp;&nbsp; Pravo na povla\u010denje saglasnosti<\/p>","protected":false},"excerpt":{"rendered":"<p>GDPR politika privatnosti za Webtechnology Poslednje a\u017euriranje: 01. januar 2019 Definicije &nbsp;&nbsp;&nbsp; Webtechnology &nbsp;&nbsp;&nbsp; Webtechnology zna\u010di Moja kompanija LLC, informacije i adresa &nbsp;&nbsp;&nbsp; kompanije . &nbsp;&nbsp;&nbsp; GDPR &nbsp;&nbsp;&nbsp; Op\u0161ta uredba o za\u0161titi podataka. &nbsp;&nbsp;&nbsp; Rukovalac podataka &nbsp;&nbsp;&nbsp; Rukovalac podataka ozna\u010dava fizi\u010dko ili pravno lice koje (samostalno ili zajedno ili zajedno sa drugim licima) odre\u0111uje svrhe [&hellip;]<\/p>","protected":false},"author":1,"featured_media":0,"parent":0,"menu_order":0,"comment_status":"closed","ping_status":"closed","template":"","meta":{"_monsterinsights_skip_tracking":false,"_monsterinsights_sitenote_active":false,"_monsterinsights_sitenote_note":"","_monsterinsights_sitenote_category":0,"_uf_show_specific_survey":0,"_uf_disable_surveys":false,"ocean_post_layout":"full-width","ocean_both_sidebars_style":"","ocean_both_sidebars_content_width":0,"ocean_both_sidebars_sidebars_width":0,"ocean_sidebar":"0","ocean_second_sidebar":"0","ocean_disable_margins":"enable","ocean_add_body_class":"","ocean_shortcode_before_top_bar":"","ocean_shortcode_after_top_bar":"","ocean_shortcode_before_header":"","ocean_shortcode_after_header":"","ocean_has_shortcode":"","ocean_shortcode_after_title":"","ocean_shortcode_before_footer_widgets":"","ocean_shortcode_after_footer_widgets":"","ocean_shortcode_before_footer_bottom":"","ocean_shortcode_after_footer_bottom":"","ocean_display_top_bar":"default","ocean_display_header":"default","ocean_header_style":"","ocean_center_header_left_menu":"0","ocean_custom_header_template":"0","ocean_custom_logo":0,"ocean_custom_retina_logo":0,"ocean_custom_logo_max_width":0,"ocean_custom_logo_tablet_max_width":0,"ocean_custom_logo_mobile_max_width":0,"ocean_custom_logo_max_height":0,"ocean_custom_logo_tablet_max_height":0,"ocean_custom_logo_mobile_max_height":0,"ocean_header_custom_menu":"0","ocean_menu_typo_font_family":"0","ocean_menu_typo_font_subset":"","ocean_menu_typo_font_size":0,"ocean_menu_typo_font_size_tablet":0,"ocean_menu_typo_font_size_mobile":0,"ocean_menu_typo_font_size_unit":"px","ocean_menu_typo_font_weight":"","ocean_menu_typo_font_weight_tablet":"","ocean_menu_typo_font_weight_mobile":"","ocean_menu_typo_transform":"","ocean_menu_typo_transform_tablet":"","ocean_menu_typo_transform_mobile":"","ocean_menu_typo_line_height":0,"ocean_menu_typo_line_height_tablet":0,"ocean_menu_typo_line_height_mobile":0,"ocean_menu_typo_line_height_unit":"","ocean_menu_typo_spacing":0,"ocean_menu_typo_spacing_tablet":0,"ocean_menu_typo_spacing_mobile":0,"ocean_menu_typo_spacing_unit":"","ocean_menu_link_color":"","ocean_menu_link_color_hover":"","ocean_menu_link_color_active":"","ocean_menu_link_background":"","ocean_menu_link_hover_background":"","ocean_menu_link_active_background":"","ocean_menu_social_links_bg":"","ocean_menu_social_hover_links_bg":"","ocean_menu_social_links_color":"","ocean_menu_social_hover_links_color":"","ocean_disable_title":"on","ocean_disable_heading":"default","ocean_post_title":"","ocean_post_subheading":"","ocean_post_title_style":"","ocean_post_title_background_color":"","ocean_post_title_background":0,"ocean_post_title_bg_image_position":"","ocean_post_title_bg_image_attachment":"","ocean_post_title_bg_image_repeat":"","ocean_post_title_bg_image_size":"","ocean_post_title_height":0,"ocean_post_title_bg_overlay":0.5,"ocean_post_title_bg_overlay_color":"","ocean_disable_breadcrumbs":"default","ocean_breadcrumbs_color":"","ocean_breadcrumbs_separator_color":"","ocean_breadcrumbs_links_color":"","ocean_breadcrumbs_links_hover_color":"","ocean_display_footer_widgets":"default","ocean_display_footer_bottom":"default","ocean_custom_footer_template":"0","footnotes":""},"class_list":["post-17","page","type-page","status-publish","hentry","entry"],"yoast_head":"<!-- This site is optimized with the Yoast SEO plugin v26.8 - https:\/\/yoast.com\/product\/yoast-seo-wordpress\/ -->\n<title>Politika privatnosti - Websitetechnology<\/title>\n<meta name=\"robots\" content=\"index, follow, max-snippet:-1, max-image-preview:large, max-video-preview:-1\" \/>\n<link rel=\"canonical\" href=\"https:\/\/www.websitetechnology.rs\/en\/politika-privatnosti\/\" \/>\n<meta property=\"og:locale\" content=\"en_GB\" \/>\n<meta property=\"og:type\" content=\"article\" \/>\n<meta property=\"og:title\" content=\"Politika privatnosti - Websitetechnology\" \/>\n<meta property=\"og:description\" content=\"GDPR politika privatnosti za Webtechnology Poslednje a\u017euriranje: 01. januar 2019 Definicije &nbsp;&nbsp;&nbsp; Webtechnology &nbsp;&nbsp;&nbsp; Webtechnology zna\u010di Moja kompanija LLC, informacije i adresa &nbsp;&nbsp;&nbsp; kompanije . &nbsp;&nbsp;&nbsp; GDPR &nbsp;&nbsp;&nbsp; Op\u0161ta uredba o za\u0161titi podataka. &nbsp;&nbsp;&nbsp; Rukovalac podataka &nbsp;&nbsp;&nbsp; Rukovalac podataka ozna\u010dava fizi\u010dko ili pravno lice koje (samostalno ili zajedno ili zajedno sa drugim licima) odre\u0111uje svrhe [&hellip;]\" \/>\n<meta property=\"og:url\" content=\"https:\/\/www.websitetechnology.rs\/en\/politika-privatnosti\/\" \/>\n<meta property=\"og:site_name\" content=\"Websitetechnology\" \/>\n<meta property=\"article:modified_time\" content=\"2024-08-18T21:35:05+00:00\" \/>\n<meta name=\"twitter:card\" content=\"summary_large_image\" \/>\n<meta name=\"twitter:label1\" content=\"Estimated reading time\" \/>\n\t<meta name=\"twitter:data1\" content=\"2 minutes\" \/>\n<script type=\"application\/ld+json\" class=\"yoast-schema-graph\">{\"@context\":\"https:\/\/schema.org\",\"@graph\":[{\"@type\":\"WebPage\",\"@id\":\"https:\/\/www.websitetechnology.rs\/politika-privatnosti\/\",\"url\":\"https:\/\/www.websitetechnology.rs\/politika-privatnosti\/\",\"name\":\"Politika privatnosti - Websitetechnology\",\"isPartOf\":{\"@id\":\"https:\/\/www.websitetechnology.rs\/#website\"},\"datePublished\":\"2023-02-18T13:21:32+00:00\",\"dateModified\":\"2024-08-18T21:35:05+00:00\",\"breadcrumb\":{\"@id\":\"https:\/\/www.websitetechnology.rs\/politika-privatnosti\/#breadcrumb\"},\"inLanguage\":\"en-GB\",\"potentialAction\":[{\"@type\":\"ReadAction\",\"target\":[\"https:\/\/www.websitetechnology.rs\/politika-privatnosti\/\"]}]},{\"@type\":\"BreadcrumbList\",\"@id\":\"https:\/\/www.websitetechnology.rs\/politika-privatnosti\/#breadcrumb\",\"itemListElement\":[{\"@type\":\"ListItem\",\"position\":1,\"name\":\"Home\",\"item\":\"https:\/\/www.websitetechnology.rs\/\"},{\"@type\":\"ListItem\",\"position\":2,\"name\":\"Politika privatnosti\"}]},{\"@type\":\"WebSite\",\"@id\":\"https:\/\/www.websitetechnology.rs\/#website\",\"url\":\"https:\/\/www.websitetechnology.rs\/\",\"name\":\"Websitetechnology\",\"description\":\"Izrada web sajta\",\"publisher\":{\"@id\":\"https:\/\/www.websitetechnology.rs\/#organization\"},\"potentialAction\":[{\"@type\":\"SearchAction\",\"target\":{\"@type\":\"EntryPoint\",\"urlTemplate\":\"https:\/\/www.websitetechnology.rs\/?s={search_term_string}\"},\"query-input\":{\"@type\":\"PropertyValueSpecification\",\"valueRequired\":true,\"valueName\":\"search_term_string\"}}],\"inLanguage\":\"en-GB\"},{\"@type\":\"Organization\",\"@id\":\"https:\/\/www.websitetechnology.rs\/#organization\",\"name\":\"websitetechnology\",\"url\":\"https:\/\/www.websitetechnology.rs\/\",\"logo\":{\"@type\":\"ImageObject\",\"inLanguage\":\"en-GB\",\"@id\":\"https:\/\/www.websitetechnology.rs\/#\/schema\/logo\/image\/\",\"url\":\"https:\/\/www.websitetechnology.rs\/wp-content\/uploads\/2023\/02\/Logo-WTC-siri14.png\",\"contentUrl\":\"https:\/\/www.websitetechnology.rs\/wp-content\/uploads\/2023\/02\/Logo-WTC-siri14.png\",\"width\":152,\"height\":40,\"caption\":\"websitetechnology\"},\"image\":{\"@id\":\"https:\/\/www.websitetechnology.rs\/#\/schema\/logo\/image\/\"}}]}<\/script>\n<!-- \/ Yoast SEO plugin. -->","yoast_head_json":{"title":"Politika privatnosti - Websitetechnology","robots":{"index":"index","follow":"follow","max-snippet":"max-snippet:-1","max-image-preview":"max-image-preview:large","max-video-preview":"max-video-preview:-1"},"canonical":"https:\/\/www.websitetechnology.rs\/en\/politika-privatnosti\/","og_locale":"en_GB","og_type":"article","og_title":"Politika privatnosti - Websitetechnology","og_description":"GDPR politika privatnosti za Webtechnology Poslednje a\u017euriranje: 01. januar 2019 Definicije &nbsp;&nbsp;&nbsp; Webtechnology &nbsp;&nbsp;&nbsp; Webtechnology zna\u010di Moja kompanija LLC, informacije i adresa &nbsp;&nbsp;&nbsp; kompanije . &nbsp;&nbsp;&nbsp; GDPR &nbsp;&nbsp;&nbsp; Op\u0161ta uredba o za\u0161titi podataka. &nbsp;&nbsp;&nbsp; Rukovalac podataka &nbsp;&nbsp;&nbsp; Rukovalac podataka ozna\u010dava fizi\u010dko ili pravno lice koje (samostalno ili zajedno ili zajedno sa drugim licima) odre\u0111uje svrhe [&hellip;]","og_url":"https:\/\/www.websitetechnology.rs\/en\/politika-privatnosti\/","og_site_name":"Websitetechnology","article_modified_time":"2024-08-18T21:35:05+00:00","twitter_card":"summary_large_image","twitter_misc":{"Estimated reading time":"2 minutes"},"schema":{"@context":"https:\/\/schema.org","@graph":[{"@type":"WebPage","@id":"https:\/\/www.websitetechnology.rs\/politika-privatnosti\/","url":"https:\/\/www.websitetechnology.rs\/politika-privatnosti\/","name":"Politika privatnosti - Websitetechnology","isPartOf":{"@id":"https:\/\/www.websitetechnology.rs\/#website"},"datePublished":"2023-02-18T13:21:32+00:00","dateModified":"2024-08-18T21:35:05+00:00","breadcrumb":{"@id":"https:\/\/www.websitetechnology.rs\/politika-privatnosti\/#breadcrumb"},"inLanguage":"en-GB","potentialAction":[{"@type":"ReadAction","target":["https:\/\/www.websitetechnology.rs\/politika-privatnosti\/"]}]},{"@type":"BreadcrumbList","@id":"https:\/\/www.websitetechnology.rs\/politika-privatnosti\/#breadcrumb","itemListElement":[{"@type":"ListItem","position":1,"name":"Home","item":"https:\/\/www.websitetechnology.rs\/"},{"@type":"ListItem","position":2,"name":"Politika privatnosti"}]},{"@type":"WebSite","@id":"https:\/\/www.websitetechnology.rs\/#website","url":"https:\/\/www.websitetechnology.rs\/","name":"Websitetechnology","description":"Creating a website","publisher":{"@id":"https:\/\/www.websitetechnology.rs\/#organization"},"potentialAction":[{"@type":"SearchAction","target":{"@type":"EntryPoint","urlTemplate":"https:\/\/www.websitetechnology.rs\/?s={search_term_string}"},"query-input":{"@type":"PropertyValueSpecification","valueRequired":true,"valueName":"search_term_string"}}],"inLanguage":"en-GB"},{"@type":"Organization","@id":"https:\/\/www.websitetechnology.rs\/#organization","name":"websitetechnology","url":"https:\/\/www.websitetechnology.rs\/","logo":{"@type":"ImageObject","inLanguage":"en-GB","@id":"https:\/\/www.websitetechnology.rs\/#\/schema\/logo\/image\/","url":"https:\/\/www.websitetechnology.rs\/wp-content\/uploads\/2023\/02\/Logo-WTC-siri14.png","contentUrl":"https:\/\/www.websitetechnology.rs\/wp-content\/uploads\/2023\/02\/Logo-WTC-siri14.png","width":152,"height":40,"caption":"websitetechnology"},"image":{"@id":"https:\/\/www.websitetechnology.rs\/#\/schema\/logo\/image\/"}}]}},"_links":{"self":[{"href":"https:\/\/www.websitetechnology.rs\/en\/wp-json\/wp\/v2\/pages\/17","targetHints":{"allow":["GET"]}}],"collection":[{"href":"https:\/\/www.websitetechnology.rs\/en\/wp-json\/wp\/v2\/pages"}],"about":[{"href":"https:\/\/www.websitetechnology.rs\/en\/wp-json\/wp\/v2\/types\/page"}],"author":[{"embeddable":true,"href":"https:\/\/www.websitetechnology.rs\/en\/wp-json\/wp\/v2\/users\/1"}],"replies":[{"embeddable":true,"href":"https:\/\/www.websitetechnology.rs\/en\/wp-json\/wp\/v2\/comments?post=17"}],"version-history":[{"count":1,"href":"https:\/\/www.websitetechnology.rs\/en\/wp-json\/wp\/v2\/pages\/17\/revisions"}],"predecessor-version":[{"id":5169,"href":"https:\/\/www.websitetechnology.rs\/en\/wp-json\/wp\/v2\/pages\/17\/revisions\/5169"}],"wp:attachment":[{"href":"https:\/\/www.websitetechnology.rs\/en\/wp-json\/wp\/v2\/media?parent=17"}],"curies":[{"name":"wp","href":"https:\/\/api.w.org\/{rel}","templated":true}]}}